{"id":29128,"date":"2026-02-10T17:10:30","date_gmt":"2026-02-10T14:10:30","guid":{"rendered":"https:\/\/koanaliz.com\/?page_id=29128"},"modified":"2026-03-25T15:21:05","modified_gmt":"2026-03-25T12:21:05","slug":"sektorel-cozumler","status":"publish","type":"page","link":"https:\/\/koanaliz.com\/de\/sektorel-cozumler\/","title":{"rendered":"Branchenl\u00f6sungen"},"content":{"rendered":"<div data-elementor-type=\"wp-page\" data-elementor-id=\"29128\" class=\"elementor elementor-29128\" data-elementor-post-type=\"page\">\n\t\t\t\t<div class=\"wd-negative-gap elementor-element elementor-element-c58eba8 e-flex e-con-boxed e-con e-parent\" data-id=\"c58eba8\" data-element_type=\"container\" data-e-type=\"container\">\n\t\t\t\t\t<div class=\"e-con-inner\">\n\t\t\t\t<div class=\"elementor-element elementor-element-e0b6362 wd-width-100 elementor-widget elementor-widget-wd_title\" data-id=\"e0b6362\" data-element_type=\"widget\" data-e-type=\"widget\" data-widget_type=\"wd_title.default\">\n\t\t\t\t<div class=\"elementor-widget-container\">\n\t\t\t\t\t\t\t<div class=\"title-wrapper wd-set-mb reset-last-child wd-title-color-default wd-title-style-default wd-title-size-extra-large text-center\">\n\n\t\t\t\n\t\t\t<div class=\"liner-continer\">\n\t\t\t\t<h4 class=\"woodmart-title-container title wd-fontsize-xxxl\">Karma\u015fadan Uzak Analitik \u00c7\u00f6z\u00fcmleri<\/h4> \n\t\t\t\t\t\t\t<\/div>\n\n\t\t\t\t\t<\/div>\n\t\t\t\t\t\t<\/div>\n\t\t\t\t<\/div>\n\t\t\t\t<div class=\"elementor-element elementor-element-2de3305 elementor-widget elementor-widget-wd_text_block\" data-id=\"2de3305\" data-element_type=\"widget\" data-e-type=\"widget\" data-widget_type=\"wd_text_block.default\">\n\t\t\t\t<div class=\"elementor-widget-container\">\n\t\t\t\t\t\t\t<div class=\"wd-text-block reset-last-child text-center\">\n\t\t\t\n\t\t\t<p>Koanaliz, sadece rakamlar\u0131 de\u011fil, i\u015finizi b\u00fcy\u00fctmeniz i\u00e7in gereken i\u00e7g\u00f6r\u00fcleri sunar. \u0130ster e-ticaret sitenizin sat\u0131\u015flar\u0131n\u0131 art\u0131r\u0131n, ister kurumsal markan\u0131z\u0131n form d\u00f6n\u00fc\u015f\u00fcmlerini \u00f6l\u00e7\u00fcn. Sekt\u00f6r\u00fcn\u00fcze \u00f6zel senaryolarla hemen tan\u0131\u015f\u0131n.<\/p>\n\t\t\t\t\t<\/div>\n\t\t\t\t\t\t<\/div>\n\t\t\t\t<\/div>\n\t\t\t\t\t<\/div>\n\t\t\t\t<\/div>\n\t\t<div class=\"wd-negative-gap elementor-element elementor-element-f3ae79a wd-section-stretch e-flex e-con-boxed e-con e-parent\" data-id=\"f3ae79a\" data-element_type=\"container\" data-e-type=\"container\" data-settings=\"{&quot;background_background&quot;:&quot;classic&quot;}\">\n\t\t\t\t\t<div class=\"e-con-inner\">\n\t\t<div class=\"elementor-element elementor-element-e57cbde e-con-full e-flex e-con e-child\" data-id=\"e57cbde\" data-element_type=\"container\" data-e-type=\"container\">\n\t\t\t\t<div class=\"elementor-element elementor-element-a68e813 elementor-widget elementor-widget-wd_image_or_svg\" data-id=\"a68e813\" data-element_type=\"widget\" data-e-type=\"widget\" data-widget_type=\"wd_image_or_svg.default\">\n\t\t\t\t<div class=\"elementor-widget-container\">\n\t\t\t\t\t\n\t\t<div class=\"wd-image text-center\">\n\t\t\t\t\t\t\t\t<img loading=\"lazy\" decoding=\"async\" width=\"280\" height=\"567\" src=\"https:\/\/koanaliz.com\/wp-content\/uploads\/2021\/11\/smart-home-notification-opt.webp\" class=\"attachment-full size-full has-transparency\" alt=\"\" data-has-transparency=\"true\" data-dominant-color=\"d1cce0\" style=\"--dominant-color: #d1cce0;\" \/>\t\t\t\t\t<\/div>\n\n\t\t\t\t\t\t<\/div>\n\t\t\t\t<\/div>\n\t\t\t\t<\/div>\n\t\t<div class=\"elementor-element elementor-element-2b8263a e-con-full e-flex e-con e-child\" data-id=\"2b8263a\" data-element_type=\"container\" data-e-type=\"container\">\n\t\t\t\t<div class=\"elementor-element elementor-element-6a2efea wd-width-100 elementor-widget elementor-widget-wd_title\" data-id=\"6a2efea\" data-element_type=\"widget\" data-e-type=\"widget\" data-widget_type=\"wd_title.default\">\n\t\t\t\t<div class=\"elementor-widget-container\">\n\t\t\t\t\t\t\t<div class=\"title-wrapper wd-set-mb reset-last-child wd-title-color-default wd-title-style-default wd-title-size-default text-left\">\n\n\t\t\t\t\t\t\t\t\t\t\t<div class=\"title-subtitle subtitle-color-default subtitle-style-default wd-fontsize-xs\">\n\t\t\t\t\tE-Ticaret Siteleri \u0130\u00e7in \u00c7\u00f6z\u00fcmler\t\t\t\t<\/div>\n\t\t\t\n\t\t\t<div class=\"liner-continer\">\n\t\t\t\t<h4 class=\"woodmart-title-container title wd-fontsize-l\">Sepette B\u0131rak\u0131lanlar\u0131 Kazan\u0131n, D\u00f6n\u00fc\u015f\u00fcm Oran\u0131n\u0131z\u0131 Katlay\u0131n<\/h4> \n\t\t\t\t\t\t\t<\/div>\n\n\t\t\t\t\t\t\t<div class=\"title-after_title reset-last-child wd-fontsize-xs\">\n\t\t\t\t\t<p>E-ticarette h\u0131z ve do\u011fru veri her \u015feydir. M\u00fc\u015fterilerinizi \u00e7erez onay (cookie banner) pencereleriyle yava\u015flatmadan, sat\u0131n alma yolculuklar\u0131n\u0131 p\u00fcr\u00fczs\u00fczce takip edin.<\/p>\t\t\t\t<\/div>\n\t\t\t\t\t<\/div>\n\t\t\t\t\t\t<\/div>\n\t\t\t\t<\/div>\n\t\t\t\t<div class=\"elementor-element elementor-element-f860ef2 elementor-widget__width-initial elementor-widget elementor-widget-wd_list\" data-id=\"f860ef2\" data-element_type=\"widget\" data-e-type=\"widget\" data-widget_type=\"wd_list.default\">\n\t\t\t\t<div class=\"elementor-widget-container\">\n\t\t\t\t\t\t\t<ul class=\"wd-list color-scheme-custom wd-fontsize-m wd-type-image wd-style-default text-left\">\n\t\t\t\t\t\t\t\t\t\t\t<li class=\"elementor-repeater-item-dd2635d\">\n\t\t\t\t\t\t\t\t\t\t\t<span class=\"wd-icon\"><img decoding=\"async\"  src=\"https:\/\/koanaliz.com\/wp-content\/uploads\/2021\/11\/smart-home-g-m.svg\" title=\"smart-home-g-m\" loading=\"lazy\" width=\"26\" height=\"26\"><\/span>\t\t\t\t\t\n\t\t\t\t\t<span class=\"wd-list-content list-content\">\n\t\t\t\t\t\t\t\t\t\t\t\t\t<strong>Sepet Analizi ve Hedefler:<\/strong> Hangi \u00fcr\u00fcnlerin sepete eklendi\u011fini, hangi ad\u0131mda \u00f6demeden vazge\u00e7ildi\u011fini karma\u015f\u0131k kodlarla u\u011fra\u015fmadan an\u0131nda \u00f6l\u00e7\u00fcn.\t\t\t\t\t\t\t\t\t\t\t<\/span>\n\t\t\t\t<\/li>\n\t\t\t\t\t<\/ul>\n\n\t\t\t\t\t\t<\/div>\n\t\t\t\t<\/div>\n\t\t\t\t<div class=\"elementor-element elementor-element-0882ba7 elementor-widget__width-initial elementor-widget elementor-widget-wd_list\" data-id=\"0882ba7\" data-element_type=\"widget\" data-e-type=\"widget\" data-widget_type=\"wd_list.default\">\n\t\t\t\t<div class=\"elementor-widget-container\">\n\t\t\t\t\t\t\t<ul class=\"wd-list color-scheme-custom wd-fontsize-m wd-type-image wd-style-default text-left\">\n\t\t\t\t\t\t\t\t\t\t\t<li class=\"elementor-repeater-item-dd2635d\">\n\t\t\t\t\t\t\t\t\t\t\t<span class=\"wd-icon\"><img decoding=\"async\"  src=\"https:\/\/koanaliz.com\/wp-content\/uploads\/2021\/11\/smart-home-g-m.svg\" title=\"smart-home-g-m\" loading=\"lazy\" width=\"26\" height=\"26\"><\/span>\t\t\t\t\t\n\t\t\t\t\t<span class=\"wd-list-content list-content\">\n\t\t\t\t\t\t\t\t\t\t\t\t\t<strong>Reklam B\u00fct\u00e7enizi Koruyun: <\/strong> UTM takibi sayesinde Instagram, Google Ads veya influencer kampanyalar\u0131n\u0131zdan hangisinin ger\u00e7ek sat\u0131\u015fa d\u00f6n\u00fc\u015ft\u00fc\u011f\u00fcn\u00fc net bir \u015fekilde g\u00f6r\u00fcn.\t\t\t\t\t\t\t\t\t\t\t<\/span>\n\t\t\t\t<\/li>\n\t\t\t\t\t<\/ul>\n\n\t\t\t\t\t\t<\/div>\n\t\t\t\t<\/div>\n\t\t\t\t<div class=\"elementor-element elementor-element-6e995b8 elementor-widget__width-initial elementor-widget elementor-widget-wd_list\" data-id=\"6e995b8\" data-element_type=\"widget\" data-e-type=\"widget\" data-widget_type=\"wd_list.default\">\n\t\t\t\t<div class=\"elementor-widget-container\">\n\t\t\t\t\t\t\t<ul class=\"wd-list color-scheme-custom wd-fontsize-m wd-type-image wd-style-default text-left\">\n\t\t\t\t\t\t\t\t\t\t\t<li class=\"elementor-repeater-item-dd2635d\">\n\t\t\t\t\t\t\t\t\t\t\t<span class=\"wd-icon\"><img decoding=\"async\"  src=\"https:\/\/koanaliz.com\/wp-content\/uploads\/2021\/11\/smart-home-g-m.svg\" title=\"smart-home-g-m\" loading=\"lazy\" width=\"26\" height=\"26\"><\/span>\t\t\t\t\t\n\t\t\t\t\t<span class=\"wd-list-content list-content\">\n\t\t\t\t\t\t\t\t\t\t\t\t\t<strong>S\u0131f\u0131r \u00c7erez, Maksimum H\u0131z:<\/strong> Koanaliz'in hafif yap\u0131s\u0131 sayesinde siteniz \u0131\u015f\u0131k h\u0131z\u0131nda a\u00e7\u0131l\u0131r. Ziyaret\u00e7ileriniz sayfa y\u00fcklenmesini beklerken rakibe gitmez, sat\u0131\u015f kayb\u0131 ya\u015famazs\u0131n\u0131z.\t\t\t\t\t\t\t\t\t\t\t<\/span>\n\t\t\t\t<\/li>\n\t\t\t\t\t<\/ul>\n\n\t\t\t\t\t\t<\/div>\n\t\t\t\t<\/div>\n\t\t\t\t<\/div>\n\t\t\t\t\t<\/div>\n\t\t\t\t<\/div>\n\t\t<div class=\"wd-negative-gap elementor-element elementor-element-63f0771 wd-section-stretch e-flex e-con-boxed e-con e-parent\" data-id=\"63f0771\" data-element_type=\"container\" data-e-type=\"container\" data-settings=\"{&quot;background_background&quot;:&quot;gradient&quot;}\">\n\t\t\t\t\t<div class=\"e-con-inner\">\n\t\t<div class=\"elementor-element elementor-element-df394e8 e-con-full e-flex e-con e-child\" data-id=\"df394e8\" data-element_type=\"container\" data-e-type=\"container\">\n\t\t\t\t<div class=\"elementor-element elementor-element-10c2d2d elementor-widget elementor-widget-wd_image_or_svg\" data-id=\"10c2d2d\" data-element_type=\"widget\" data-e-type=\"widget\" data-widget_type=\"wd_image_or_svg.default\">\n\t\t\t\t<div class=\"elementor-widget-container\">\n\t\t\t\t\t\n\t\t<div class=\"wd-image text-center\">\n\t\t\t\t\t\t\t\t<img loading=\"lazy\" decoding=\"async\" width=\"680\" height=\"520\" src=\"https:\/\/koanaliz.com\/wp-content\/uploads\/2021\/11\/smart-home-scenarios-opt.webp\" class=\"attachment-full size-full has-transparency\" alt=\"\" data-has-transparency=\"true\" data-dominant-color=\"58372c\" style=\"--dominant-color: #58372c;\" \/>\t\t\t\t\t<\/div>\n\n\t\t\t\t\t\t<\/div>\n\t\t\t\t<\/div>\n\t\t\t\t<\/div>\n\t\t<div class=\"elementor-element elementor-element-b575def e-con-full e-flex e-con e-child\" data-id=\"b575def\" data-element_type=\"container\" data-e-type=\"container\">\n\t\t\t\t<div class=\"elementor-element elementor-element-52d22cb wd-width-100 elementor-widget elementor-widget-wd_title\" data-id=\"52d22cb\" data-element_type=\"widget\" data-e-type=\"widget\" data-widget_type=\"wd_title.default\">\n\t\t\t\t<div class=\"elementor-widget-container\">\n\t\t\t\t\t\t\t<div class=\"title-wrapper wd-set-mb reset-last-child wd-title-color-white wd-title-style-default wd-title-size-default text-left\">\n\n\t\t\t\t\t\t\t\t\t\t\t<div class=\"title-subtitle subtitle-color-white subtitle-style-default wd-fontsize-xs\">\n\t\t\t\t\tKurumsal Firmalar ve B2B \u0130\u00e7in \u00c7\u00f6z\u00fcmler\t\t\t\t<\/div>\n\t\t\t\n\t\t\t<div class=\"liner-continer\">\n\t\t\t\t<h4 class=\"woodmart-title-container title wd-fontsize-l\">KVKK Uyumlu Analizle Marka \u0130tibar\u0131n\u0131z\u0131 Koruyun<\/h4> \n\t\t\t\t\t\t\t<\/div>\n\n\t\t\t\t\t\t\t<div class=\"title-after_title reset-last-child wd-fontsize-xs\">\n\t\t\t\t\t<p>Kurumsal bir marka i\u00e7in veri g\u00fcvenli\u011fi ve hukuki uyumluluk taviz verilemez. Web sitenizin performans\u0131n\u0131 \u00f6l\u00e7erken ziyaret\u00e7ilerinizin gizlili\u011fine sayg\u0131 g\u00f6sterin.<\/p>\t\t\t\t<\/div>\n\t\t\t\t\t<\/div>\n\t\t\t\t\t\t<\/div>\n\t\t\t\t<\/div>\n\t\t\t\t<div class=\"elementor-element elementor-element-7b2ba54 elementor-widget__width-initial elementor-widget elementor-widget-wd_list\" data-id=\"7b2ba54\" data-element_type=\"widget\" data-e-type=\"widget\" data-widget_type=\"wd_list.default\">\n\t\t\t\t<div class=\"elementor-widget-container\">\n\t\t\t\t\t\t\t<ul class=\"wd-list color-scheme-light wd-fontsize-m wd-type-image wd-style-default text-left\">\n\t\t\t\t\t\t\t\t\t\t\t<li class=\"elementor-repeater-item-dd2635d\">\n\t\t\t\t\t\t\t\t\t\t\t<span class=\"wd-icon\"><img decoding=\"async\"  src=\"https:\/\/koanaliz.com\/wp-content\/uploads\/2021\/11\/smart-home-g-m.svg\" title=\"smart-home-g-m\" loading=\"lazy\" width=\"26\" height=\"26\"><\/span>\t\t\t\t\t\n\t\t\t\t\t<span class=\"wd-list-content list-content\">\n\t\t\t\t\t\t\t\t\t\t\t\t\t<strong>%100 Yasal Uyum:<\/strong> Ziyaret\u00e7i IP'lerini anonimle\u015ftiren altyap\u0131m\u0131z sayesinde KVKK ve GDPR cezalar\u0131 riskini tamamen ortadan kald\u0131r\u0131n.\t\t\t\t\t\t\t\t\t\t\t<\/span>\n\t\t\t\t<\/li>\n\t\t\t\t\t<\/ul>\n\n\t\t\t\t\t\t<\/div>\n\t\t\t\t<\/div>\n\t\t\t\t<div class=\"elementor-element elementor-element-fac88d7 elementor-widget__width-initial elementor-widget elementor-widget-wd_list\" data-id=\"fac88d7\" data-element_type=\"widget\" data-e-type=\"widget\" data-widget_type=\"wd_list.default\">\n\t\t\t\t<div class=\"elementor-widget-container\">\n\t\t\t\t\t\t\t<ul class=\"wd-list color-scheme-light wd-fontsize-m wd-type-image wd-style-default text-left\">\n\t\t\t\t\t\t\t\t\t\t\t<li class=\"elementor-repeater-item-dd2635d\">\n\t\t\t\t\t\t\t\t\t\t\t<span class=\"wd-icon\"><img decoding=\"async\"  src=\"https:\/\/koanaliz.com\/wp-content\/uploads\/2021\/11\/smart-home-g-m.svg\" title=\"smart-home-g-m\" loading=\"lazy\" width=\"26\" height=\"26\"><\/span>\t\t\t\t\t\n\t\t\t\t\t<span class=\"wd-list-content list-content\">\n\t\t\t\t\t\t\t\t\t\t\t\t\t<strong>Form ve \u0130leti\u015fim T\u0131klamalar\u0131:<\/strong> Ziyaret\u00e7ilerinizin \"Bize Ula\u015f\u0131n\" butonuna ka\u00e7 kez t\u0131klad\u0131\u011f\u0131n\u0131 veya teklif formlar\u0131n\u0131 ne oranda doldurdu\u011funu takip ederek B2B stratejinizi g\u00fc\u00e7lendirin.\t\t\t\t\t\t\t\t\t\t\t<\/span>\n\t\t\t\t<\/li>\n\t\t\t\t\t<\/ul>\n\n\t\t\t\t\t\t<\/div>\n\t\t\t\t<\/div>\n\t\t\t\t<div class=\"elementor-element elementor-element-5e78a50 elementor-widget__width-initial elementor-widget elementor-widget-wd_list\" data-id=\"5e78a50\" data-element_type=\"widget\" data-e-type=\"widget\" data-widget_type=\"wd_list.default\">\n\t\t\t\t<div class=\"elementor-widget-container\">\n\t\t\t\t\t\t\t<ul class=\"wd-list color-scheme-light wd-fontsize-m wd-type-image wd-style-default text-left\">\n\t\t\t\t\t\t\t\t\t\t\t<li class=\"elementor-repeater-item-dd2635d\">\n\t\t\t\t\t\t\t\t\t\t\t<span class=\"wd-icon\"><img decoding=\"async\"  src=\"https:\/\/koanaliz.com\/wp-content\/uploads\/2021\/11\/smart-home-g-m.svg\" title=\"smart-home-g-m\" loading=\"lazy\" width=\"26\" height=\"26\"><\/span>\t\t\t\t\t\n\t\t\t\t\t<span class=\"wd-list-content list-content\">\n\t\t\t\t\t\t\t\t\t\t\t\t\t<strong>\u0130\u00e7erik Performans\u0131 \u00d6l\u00e7\u00fcm\u00fc:<\/strong> Blog yaz\u0131lar\u0131n\u0131z\u0131n veya hizmet sayfalar\u0131n\u0131z\u0131n ortalama okunma s\u00fcrelerini analiz ederek m\u00fc\u015fterilerinizin neyle ilgilendi\u011fini ke\u015ffedin.\t\t\t\t\t\t\t\t\t\t\t<\/span>\n\t\t\t\t<\/li>\n\t\t\t\t\t<\/ul>\n\n\t\t\t\t\t\t<\/div>\n\t\t\t\t<\/div>\n\t\t\t\t<\/div>\n\t\t\t\t\t<\/div>\n\t\t\t\t<\/div>\n\t\t<div class=\"wd-negative-gap elementor-element elementor-element-6f862b2 wd-section-stretch e-flex e-con-boxed e-con e-parent\" data-id=\"6f862b2\" data-element_type=\"container\" data-e-type=\"container\" data-settings=\"{&quot;background_background&quot;:&quot;classic&quot;}\">\n\t\t\t\t\t<div class=\"e-con-inner\">\n\t\t<div class=\"elementor-element elementor-element-192a39a e-con-full e-flex e-con e-child\" data-id=\"192a39a\" data-element_type=\"container\" data-e-type=\"container\">\n\t\t\t\t<div class=\"elementor-element elementor-element-3c8bfe7 elementor-widget elementor-widget-wd_image_or_svg\" data-id=\"3c8bfe7\" data-element_type=\"widget\" data-e-type=\"widget\" data-widget_type=\"wd_image_or_svg.default\">\n\t\t\t\t<div class=\"elementor-widget-container\">\n\t\t\t\t\t\n\t\t<div class=\"wd-image text-center\">\n\t\t\t\t\t\t\t\t<img loading=\"lazy\" decoding=\"async\" width=\"280\" height=\"567\" src=\"https:\/\/koanaliz.com\/wp-content\/uploads\/2021\/11\/smart-home-notification-opt.webp\" class=\"attachment-full size-full has-transparency\" alt=\"\" data-has-transparency=\"true\" data-dominant-color=\"d1cce0\" style=\"--dominant-color: #d1cce0;\" \/>\t\t\t\t\t<\/div>\n\n\t\t\t\t\t\t<\/div>\n\t\t\t\t<\/div>\n\t\t\t\t<\/div>\n\t\t<div class=\"elementor-element elementor-element-383809e e-con-full e-flex e-con e-child\" data-id=\"383809e\" data-element_type=\"container\" data-e-type=\"container\">\n\t\t\t\t<div class=\"elementor-element elementor-element-4baa297 wd-width-100 elementor-widget elementor-widget-wd_title\" data-id=\"4baa297\" data-element_type=\"widget\" data-e-type=\"widget\" data-widget_type=\"wd_title.default\">\n\t\t\t\t<div class=\"elementor-widget-container\">\n\t\t\t\t\t\t\t<div class=\"title-wrapper wd-set-mb reset-last-child wd-title-color-default wd-title-style-default wd-title-size-default text-left\">\n\n\t\t\t\t\t\t\t\t\t\t\t<div class=\"title-subtitle subtitle-color-default subtitle-style-default wd-fontsize-xs\">\n\t\t\t\t\tDijital Ajanslar ve Geli\u015ftiriciler \u0130\u00e7in \u00c7\u00f6z\u00fcmler\t\t\t\t<\/div>\n\t\t\t\n\t\t\t<div class=\"liner-continer\">\n\t\t\t\t<h4 class=\"woodmart-title-container title wd-fontsize-l\">M\u00fc\u015fterilerinize \u015eeffaf, Temiz ve Anla\u015f\u0131l\u0131r Raporlar Sunun<\/h4> \n\t\t\t\t\t\t\t<\/div>\n\n\t\t\t\t\t\t\t<div class=\"title-after_title reset-last-child wd-fontsize-xs\">\n\t\t\t\t\t<p>Birden fazla markay\u0131 y\u00f6netmek zor olmak zorunda de\u011fil. T\u00fcm m\u00fc\u015fterilerinizin analitik verilerini tek bir ekranda, g\u00fcvenle y\u00f6netin.<\/p>\t\t\t\t<\/div>\n\t\t\t\t\t<\/div>\n\t\t\t\t\t\t<\/div>\n\t\t\t\t<\/div>\n\t\t\t\t<div class=\"elementor-element elementor-element-b326d3c elementor-widget__width-initial elementor-widget elementor-widget-wd_list\" data-id=\"b326d3c\" data-element_type=\"widget\" data-e-type=\"widget\" data-widget_type=\"wd_list.default\">\n\t\t\t\t<div class=\"elementor-widget-container\">\n\t\t\t\t\t\t\t<ul class=\"wd-list color-scheme-custom wd-fontsize-m wd-type-image wd-style-default text-left\">\n\t\t\t\t\t\t\t\t\t\t\t<li class=\"elementor-repeater-item-dd2635d\">\n\t\t\t\t\t\t\t\t\t\t\t<span class=\"wd-icon\"><img decoding=\"async\"  src=\"https:\/\/koanaliz.com\/wp-content\/uploads\/2021\/11\/smart-home-g-m.svg\" title=\"smart-home-g-m\" loading=\"lazy\" width=\"26\" height=\"26\"><\/span>\t\t\t\t\t\n\t\t\t\t\t<span class=\"wd-list-content list-content\">\n\t\t\t\t\t\t\t\t\t\t\t\t\t<strong>Tek Panel, S\u0131n\u0131rs\u0131z M\u00fc\u015fteri:<\/strong> Farkl\u0131 m\u00fc\u015fterilerinize ait onlarca web sitesini tek bir Koanaliz hesab\u0131 alt\u0131ndan saniyeler i\u00e7inde y\u00f6netin.\t\t\t\t\t\t\t\t\t\t\t<\/span>\n\t\t\t\t<\/li>\n\t\t\t\t\t<\/ul>\n\n\t\t\t\t\t\t<\/div>\n\t\t\t\t<\/div>\n\t\t\t\t<div class=\"elementor-element elementor-element-d87a94e elementor-widget__width-initial elementor-widget elementor-widget-wd_list\" data-id=\"d87a94e\" data-element_type=\"widget\" data-e-type=\"widget\" data-widget_type=\"wd_list.default\">\n\t\t\t\t<div class=\"elementor-widget-container\">\n\t\t\t\t\t\t\t<ul class=\"wd-list color-scheme-custom wd-fontsize-m wd-type-image wd-style-default text-left\">\n\t\t\t\t\t\t\t\t\t\t\t<li class=\"elementor-repeater-item-dd2635d\">\n\t\t\t\t\t\t\t\t\t\t\t<span class=\"wd-icon\"><img decoding=\"async\"  src=\"https:\/\/koanaliz.com\/wp-content\/uploads\/2021\/11\/smart-home-g-m.svg\" title=\"smart-home-g-m\" loading=\"lazy\" width=\"26\" height=\"26\"><\/span>\t\t\t\t\t\n\t\t\t\t\t<span class=\"wd-list-content list-content\">\n\t\t\t\t\t\t\t\t\t\t\t\t\t<strong>Payla\u015f\u0131labilir Canl\u0131 Paneller:<\/strong> M\u00fc\u015fterilerinize karma\u015f\u0131k PDF'ler g\u00f6ndermek yerine, onlara \u00f6zel olu\u015fturulmu\u015f g\u00fcvenli ve canl\u0131 \"Dashboard\" linkleri payla\u015farak profesyonelli\u011finizi konu\u015fturun.\t\t\t\t\t\t\t\t\t\t\t<\/span>\n\t\t\t\t<\/li>\n\t\t\t\t\t<\/ul>\n\n\t\t\t\t\t\t<\/div>\n\t\t\t\t<\/div>\n\t\t\t\t<div class=\"elementor-element elementor-element-c008cb2 elementor-widget__width-initial elementor-widget elementor-widget-wd_list\" data-id=\"c008cb2\" data-element_type=\"widget\" data-e-type=\"widget\" data-widget_type=\"wd_list.default\">\n\t\t\t\t<div class=\"elementor-widget-container\">\n\t\t\t\t\t\t\t<ul class=\"wd-list color-scheme-custom wd-fontsize-m wd-type-image wd-style-default text-left\">\n\t\t\t\t\t\t\t\t\t\t\t<li class=\"elementor-repeater-item-dd2635d\">\n\t\t\t\t\t\t\t\t\t\t\t<span class=\"wd-icon\"><img decoding=\"async\"  src=\"https:\/\/koanaliz.com\/wp-content\/uploads\/2021\/11\/smart-home-g-m.svg\" title=\"smart-home-g-m\" loading=\"lazy\" width=\"26\" height=\"26\"><\/span>\t\t\t\t\t\n\t\t\t\t\t<span class=\"wd-list-content list-content\">\n\t\t\t\t\t\t\t\t\t\t\t\t\t<strong>M\u00fc\u015fteri G\u00fcvenini Art\u0131r\u0131n:<\/strong> M\u00fc\u015fterilerinizin verilerini Google'a satmad\u0131\u011f\u0131n\u0131z\u0131, tamamen ba\u011f\u0131ms\u0131z ve gizlilik odakl\u0131 bir altyap\u0131 kulland\u0131\u011f\u0131n\u0131z\u0131 vurgulayarak ajans\u0131n\u0131z\u0131n de\u011ferini art\u0131r\u0131n.\t\t\t\t\t\t\t\t\t\t\t<\/span>\n\t\t\t\t<\/li>\n\t\t\t\t\t<\/ul>\n\n\t\t\t\t\t\t<\/div>\n\t\t\t\t<\/div>\n\t\t\t\t<\/div>\n\t\t\t\t\t<\/div>\n\t\t\t\t<\/div>\n\t\t\t\t<\/div>","protected":false},"excerpt":{"rendered":"<p>Karma\u015fadan Uzak Analitik \u00c7\u00f6z\u00fcmleri Koanaliz, sadece rakamlar\u0131 de\u011fil, i\u015finizi b\u00fcy\u00fctmeniz i\u00e7in gereken i\u00e7g\u00f6r\u00fcleri sunar. \u0130ster e-ticaret sitenizin sat\u0131\u015flar\u0131n\u0131 art\u0131r\u0131n, ister<\/p>","protected":false},"author":2,"featured_media":0,"parent":0,"menu_order":0,"comment_status":"closed","ping_status":"closed","template":"","meta":{"footnotes":""},"class_list":["post-29128","page","type-page","status-publish","hentry"],"_links":{"self":[{"href":"https:\/\/koanaliz.com\/de\/wp-json\/wp\/v2\/pages\/29128","targetHints":{"allow":["GET"]}}],"collection":[{"href":"https:\/\/koanaliz.com\/de\/wp-json\/wp\/v2\/pages"}],"about":[{"href":"https:\/\/koanaliz.com\/de\/wp-json\/wp\/v2\/types\/page"}],"author":[{"embeddable":true,"href":"https:\/\/koanaliz.com\/de\/wp-json\/wp\/v2\/users\/2"}],"replies":[{"embeddable":true,"href":"https:\/\/koanaliz.com\/de\/wp-json\/wp\/v2\/comments?post=29128"}],"version-history":[{"count":5,"href":"https:\/\/koanaliz.com\/de\/wp-json\/wp\/v2\/pages\/29128\/revisions"}],"predecessor-version":[{"id":29334,"href":"https:\/\/koanaliz.com\/de\/wp-json\/wp\/v2\/pages\/29128\/revisions\/29334"}],"wp:attachment":[{"href":"https:\/\/koanaliz.com\/de\/wp-json\/wp\/v2\/media?parent=29128"}],"curies":[{"name":"wp","href":"https:\/\/api.w.org\/{rel}","templated":true}]}}