{"id":29130,"date":"2026-02-10T17:10:37","date_gmt":"2026-02-10T14:10:37","guid":{"rendered":"https:\/\/koanaliz.com\/?page_id=29130"},"modified":"2026-03-25T15:48:29","modified_gmt":"2026-03-25T12:48:29","slug":"hakkimizda","status":"publish","type":"page","link":"https:\/\/koanaliz.com\/de\/hakkimizda\/","title":{"rendered":"Hakk\u0131m\u0131zda"},"content":{"rendered":"<div data-elementor-type=\"wp-page\" data-elementor-id=\"29130\" class=\"elementor elementor-29130\" data-elementor-post-type=\"page\">\n\t\t\t\t<div class=\"wd-negative-gap elementor-element elementor-element-fb93fd8 e-flex e-con-boxed e-con e-parent\" data-id=\"fb93fd8\" data-element_type=\"container\" data-e-type=\"container\">\n\t\t\t\t\t<div class=\"e-con-inner\">\n\t\t\t\t<div class=\"elementor-element elementor-element-5bab8c2 wd-width-100 elementor-widget elementor-widget-wd_title\" data-id=\"5bab8c2\" data-element_type=\"widget\" data-e-type=\"widget\" data-widget_type=\"wd_title.default\">\n\t\t\t\t<div class=\"elementor-widget-container\">\n\t\t\t\t\t\t\t<div class=\"title-wrapper wd-set-mb reset-last-child wd-title-color-default wd-title-style-default wd-title-size-extra-large text-center\">\n\n\t\t\t\n\t\t\t<div class=\"liner-continer\">\n\t\t\t\t<h4 class=\"woodmart-title-container title wd-fontsize-xxxl\">Sitenizi Y\u00fckten Kurtarma<br \/> Hikayemiz<\/h4> \n\t\t\t\t\t\t\t<\/div>\n\n\t\t\t\t\t<\/div>\n\t\t\t\t\t\t<\/div>\n\t\t\t\t<\/div>\n\t\t\t\t<div class=\"elementor-element elementor-element-227b35e elementor-widget elementor-widget-wd_text_block\" data-id=\"227b35e\" data-element_type=\"widget\" data-e-type=\"widget\" data-widget_type=\"wd_text_block.default\">\n\t\t\t\t<div class=\"elementor-widget-container\">\n\t\t\t\t\t\t\t<div class=\"wd-text-block reset-last-child text-center\">\n\t\t\t\n\t\t\t<p>Bizce web analiti\u011fi, anla\u015f\u0131lmak i\u00e7in haftalarca s\u00fcren bir uzmanl\u0131k e\u011fitimi gerektirmemeli.<\/p>\n\t\t\t\t\t<\/div>\n\t\t\t\t\t\t<\/div>\n\t\t\t\t<\/div>\n\t\t\t\t\t<\/div>\n\t\t\t\t<\/div>\n\t\t<div class=\"wd-negative-gap elementor-element elementor-element-bebfbfc e-flex e-con-boxed e-con e-parent\" data-id=\"bebfbfc\" data-element_type=\"container\" data-e-type=\"container\">\n\t\t\t\t\t<div class=\"e-con-inner\">\n\t\t\t\t<div class=\"elementor-element elementor-element-1ebc8d2 elementor-widget elementor-widget-wd_text_block\" data-id=\"1ebc8d2\" data-element_type=\"widget\" data-e-type=\"widget\" data-widget_type=\"wd_text_block.default\">\n\t\t\t\t<div class=\"elementor-widget-container\">\n\t\t\t\t\t\t\t<div class=\"wd-text-block reset-last-child text-center\">\n\t\t\t\n\t\t\t<p data-path-to-node=\"11\">Y\u0131llarca dijital pazarlama, SEO ve yaz\u0131l\u0131m projeleri geli\u015ftirirken dijital d\u00fcnyada bir \u015feyin \u00e7ok yanl\u0131\u015f gitti\u011fini fark ettik. Arama motoru optimizasyonu (SEO) i\u00e7in web sitelerini milisaniyelerle yar\u0131\u015farak h\u0131zland\u0131rmaya \u00e7al\u0131\u015f\u0131rken; analiz ara\u00e7lar\u0131n\u0131n (\u00f6zellikle GA4 gibi devlerin) sitelere nas\u0131l devasa y\u00fckler bindirdi\u011fini g\u00f6rd\u00fck.<\/p><p data-path-to-node=\"12\">\u00dcstelik bu karma\u015f\u0131k ve a\u011f\u0131r ara\u00e7lar, toplanan verileri reklam a\u011flar\u0131yla payla\u015f\u0131yor, ziyaret\u00e7ilerin gizlili\u011fini ihlal ediyor ve web sitelerini o can s\u0131k\u0131c\u0131 \"\u00c7erezleri Kabul Et\" pencerelerine mahkum ediyordu.<\/p><p data-path-to-node=\"13\">E-ticaret ve kurumsal site sahiplerinin bizden istedi\u011fi \u015fey asl\u0131nda hep \u00e7ok basitti: <i data-path-to-node=\"13\" data-index-in-node=\"85\">\"Siteme ka\u00e7 ki\u015fi geldi, hangi \u00fcr\u00fcnle ilgilendi ve nereden sat\u0131\u015fa d\u00f6n\u00fc\u015ft\u00fc?\"<\/i><\/p><p data-path-to-node=\"14\">\u0130\u015fte <b data-path-to-node=\"14\" data-index-in-node=\"5\">Koanaliz<\/b>, y\u0131llara dayanan teknik altyap\u0131s\u0131 ve sahadaki tecr\u00fcbesiyle, bu basit soruya en net, en h\u0131zl\u0131 ve yasalara en uygun cevab\u0131 vermek i\u00e7in do\u011fdu.<\/p>\n\t\t\t\t\t<\/div>\n\t\t\t\t\t\t<\/div>\n\t\t\t\t<\/div>\n\t\t\t\t\t<\/div>\n\t\t\t\t<\/div>\n\t\t<div class=\"elementor-element elementor-element-16e5d00 e-con-full e-flex e-con e-child\" data-id=\"16e5d00\" data-element_type=\"container\" data-e-type=\"container\">\n\t\t\t\t<div class=\"elementor-element elementor-element-61be5be elementor-widget__width-initial elementor-widget elementor-widget-wd_infobox\" data-id=\"61be5be\" data-element_type=\"widget\" data-e-type=\"widget\" data-widget_type=\"wd_infobox.default\">\n\t\t\t\t<div class=\"elementor-widget-container\">\n\t\t\t\t\t\t\t<div class=\"info-box-wrapper\">\n\t\t\t<div class=\"wd-info-box text-center box-icon-align-top box-style-base color-scheme-light\">\n\t\t\t\t\n\t\t\t\t<div class=\"info-box-content\">\n\t\t\t\t\t\n\t\t\t\t\t\t\t\t\t\t\t<h4\t\t\t\t\t\tclass=\"info-box-title title box-title-style-default wd-fontsize-s\" data-elementor-setting-key=\"title\">\n\t\t\t\t\t\t\t\t\u00d6nce Gizlilik\t\t\t\t\t\t<\/h4>\n\t\t\t\t\t\n\t\t\t\t\t<div class=\"info-box-inner reset-last-child\"data-elementor-setting-key=\"content\"><p>Ziyaret\u00e7ilerinizi fi\u015flemiyoruz. IP adreslerini anonimle\u015ftirerek, KVKK ve GDPR'a tam uyumlu, \u00e7erezsiz (cookieless) bir takip altyap\u0131s\u0131 sunuyoruz. Verileriniz sadece size aittir, asla \u00fc\u00e7\u00fcnc\u00fc partilere sat\u0131lmaz.<span style=\"font-size: 16px; background-color: transparent;\"><\/span><\/p>\n<\/div>\n\n\t\t\t\t\t\t\t\t\t<\/div>\n\n\t\t\t\t\t\t\t<\/div>\n\t\t<\/div>\n\t\t\t\t\t\t<\/div>\n\t\t\t\t<\/div>\n\t\t\t\t<div class=\"elementor-element elementor-element-ee7f4b4 elementor-widget__width-initial elementor-widget elementor-widget-wd_infobox\" data-id=\"ee7f4b4\" data-element_type=\"widget\" data-e-type=\"widget\" data-widget_type=\"wd_infobox.default\">\n\t\t\t\t<div class=\"elementor-widget-container\">\n\t\t\t\t\t\t\t<div class=\"info-box-wrapper\">\n\t\t\t<div class=\"wd-info-box text-center box-icon-align-top box-style-base color-scheme-light\">\n\t\t\t\t\n\t\t\t\t<div class=\"info-box-content\">\n\t\t\t\t\t\n\t\t\t\t\t\t\t\t\t\t\t<h4\t\t\t\t\t\tclass=\"info-box-title title box-title-style-default wd-fontsize-s\" data-elementor-setting-key=\"title\">\n\t\t\t\t\t\t\t\tTavizsiz Performans\t\t\t\t\t\t<\/h4>\n\t\t\t\t\t\n\t\t\t\t\t<div class=\"info-box-inner reset-last-child\"data-elementor-setting-key=\"content\"><p>2KB'\u0131n alt\u0131ndaki mikro boyutumuzla sitenizin h\u0131z\u0131ndan ve Core Web Vitals (SEO) metriklerinden asla \u00f6d\u00fcn vermezsiniz. Biz sitenizde \u00e7al\u0131\u015f\u0131rken ziyaret\u00e7ileriniz fark\u0131 hissetmez bile.<\/p>\n<\/div>\n\n\t\t\t\t\t\t\t\t\t<\/div>\n\n\t\t\t\t\t\t\t<\/div>\n\t\t<\/div>\n\t\t\t\t\t\t<\/div>\n\t\t\t\t<\/div>\n\t\t\t\t<div class=\"elementor-element elementor-element-4e85a48 elementor-widget__width-initial elementor-widget elementor-widget-wd_infobox\" data-id=\"4e85a48\" data-element_type=\"widget\" data-e-type=\"widget\" data-widget_type=\"wd_infobox.default\">\n\t\t\t\t<div class=\"elementor-widget-container\">\n\t\t\t\t\t\t\t<div class=\"info-box-wrapper\">\n\t\t\t<div class=\"wd-info-box text-center box-icon-align-top box-style-base color-scheme-light\">\n\t\t\t\t\n\t\t\t\t<div class=\"info-box-content\">\n\t\t\t\t\t\n\t\t\t\t\t\t\t\t\t\t\t<h4\t\t\t\t\t\tclass=\"info-box-title title box-title-style-default wd-fontsize-s\" data-elementor-setting-key=\"title\">\n\t\t\t\t\t\t\t\tZaman Tasarrufu ve Sadelik\t\t\t\t\t\t<\/h4>\n\t\t\t\t\t\n\t\t\t\t\t<div class=\"info-box-inner reset-last-child\"data-elementor-setting-key=\"content\"><p>Hedefimiz, en de\u011ferli kayna\u011f\u0131n\u0131z olan zaman\u0131 verimli kullanman\u0131z\u0131 sa\u011flamak. Labirent gibi men\u00fcler aras\u0131nda kaybolmak yerine, do\u011frudan i\u015finizi b\u00fcy\u00fctecek i\u00e7g\u00f6r\u00fcleri tek ve temiz bir ekranda g\u00f6rmelisiniz.<\/p>\n<\/div>\n\n\t\t\t\t\t\t\t\t\t<\/div>\n\n\t\t\t\t\t\t\t<\/div>\n\t\t<\/div>\n\t\t\t\t\t\t<\/div>\n\t\t\t\t<\/div>\n\t\t\t\t<\/div>\n\t\t\t\t<\/div>","protected":false},"excerpt":{"rendered":"<p>Sitenizi Y\u00fckten Kurtarma Hikayemiz &nbsp; Bizce web analiti\u011fi, anla\u015f\u0131lmak i\u00e7in haftalarca s\u00fcren bir uzmanl\u0131k e\u011fitimi gerektirmemeli. Y\u0131llarca dijital pazarlama, SEO<\/p>","protected":false},"author":2,"featured_media":0,"parent":0,"menu_order":0,"comment_status":"closed","ping_status":"closed","template":"","meta":{"footnotes":""},"class_list":["post-29130","page","type-page","status-publish","hentry"],"_links":{"self":[{"href":"https:\/\/koanaliz.com\/de\/wp-json\/wp\/v2\/pages\/29130","targetHints":{"allow":["GET"]}}],"collection":[{"href":"https:\/\/koanaliz.com\/de\/wp-json\/wp\/v2\/pages"}],"about":[{"href":"https:\/\/koanaliz.com\/de\/wp-json\/wp\/v2\/types\/page"}],"author":[{"embeddable":true,"href":"https:\/\/koanaliz.com\/de\/wp-json\/wp\/v2\/users\/2"}],"replies":[{"embeddable":true,"href":"https:\/\/koanaliz.com\/de\/wp-json\/wp\/v2\/comments?post=29130"}],"version-history":[{"count":5,"href":"https:\/\/koanaliz.com\/de\/wp-json\/wp\/v2\/pages\/29130\/revisions"}],"predecessor-version":[{"id":29358,"href":"https:\/\/koanaliz.com\/de\/wp-json\/wp\/v2\/pages\/29130\/revisions\/29358"}],"wp:attachment":[{"href":"https:\/\/koanaliz.com\/de\/wp-json\/wp\/v2\/media?parent=29130"}],"curies":[{"name":"wp","href":"https:\/\/api.w.org\/{rel}","templated":true}]}}