{"id":29206,"date":"2026-03-25T12:28:26","date_gmt":"2026-03-25T09:28:26","guid":{"rendered":"https:\/\/koanaliz.com\/?page_id=29206"},"modified":"2026-03-25T16:15:12","modified_gmt":"2026-03-25T13:15:12","slug":"basvuru","status":"publish","type":"page","link":"https:\/\/koanaliz.com\/de\/basvuru\/","title":{"rendered":"Ba\u015fvuru"},"content":{"rendered":"\t\t<div data-elementor-type=\"wp-page\" data-elementor-id=\"29206\" class=\"elementor elementor-29206\" data-elementor-post-type=\"page\">\n\t\t\t\t<div class=\"wd-negative-gap elementor-element elementor-element-a45fe29 e-flex e-con-boxed e-con e-parent\" data-id=\"a45fe29\" data-element_type=\"container\" data-e-type=\"container\">\n\t\t\t\t\t<div class=\"e-con-inner\">\n\t\t\t\t<div class=\"elementor-element elementor-element-6678457 wd-width-100 elementor-widget elementor-widget-wd_title\" data-id=\"6678457\" data-element_type=\"widget\" data-e-type=\"widget\" data-widget_type=\"wd_title.default\">\n\t\t\t\t<div class=\"elementor-widget-container\">\n\t\t\t\t\t\t\t<div class=\"title-wrapper wd-set-mb reset-last-child wd-title-color-default wd-title-style-default wd-title-size-extra-large text-center\">\n\n\t\t\t\n\t\t\t<div class=\"liner-continer\">\n\t\t\t\t<h4 class=\"woodmart-title-container title wd-fontsize-xxxl\">Verilerinizin Kontrol\u00fcn\u00fc <br \/>Bug\u00fcn Elinize Al\u0131n<\/h4> \n\t\t\t\t\t\t\t<\/div>\n\n\t\t\t\t\t<\/div>\n\t\t\t\t\t\t<\/div>\n\t\t\t\t<\/div>\n\t\t\t\t<div class=\"elementor-element elementor-element-653f343 elementor-widget elementor-widget-wd_text_block\" data-id=\"653f343\" data-element_type=\"widget\" data-e-type=\"widget\" data-widget_type=\"wd_text_block.default\">\n\t\t\t\t<div class=\"elementor-widget-container\">\n\t\t\t\t\t\t\t<div class=\"wd-text-block reset-last-child text-center\">\n\t\t\t\n\t\t\t<p>Sitenizin h\u0131z\u0131n\u0131 d\u00fc\u015f\u00fcrmeden, ziyaret\u00e7ilerinizi yasal risklere sokmadan temiz verilere ula\u015fmaya sadece bir ad\u0131m kald\u0131n\u0131z. Formu doldurun, kurulumu birlikte planlayal\u0131m.<\/p>\n\t\t\t\t\t<\/div>\n\t\t\t\t\t\t<\/div>\n\t\t\t\t<\/div>\n\t\t<div class=\"elementor-element elementor-element-2b025a9 e-con-full e-flex e-con e-child\" data-id=\"2b025a9\" data-element_type=\"container\" data-e-type=\"container\">\n\t\t\t\t<div class=\"elementor-element elementor-element-1c58a9e elementor-widget__width-initial elementor-widget elementor-widget-wd_list\" data-id=\"1c58a9e\" data-element_type=\"widget\" data-e-type=\"widget\" data-widget_type=\"wd_list.default\">\n\t\t\t\t<div class=\"elementor-widget-container\">\n\t\t\t\t\t\t\t<ul class=\"wd-list color-scheme-custom wd-fontsize-m wd-type-unordered wd-style-default text-left\">\n\t\t\t\t\t\t\t\t\t\t\t<li class=\"elementor-repeater-item-dd2635d\">\n\t\t\t\t\t\t\t\t\t\t\t<span class=\"wd-icon\"><\/span>\t\t\t\t\t\n\t\t\t\t\t<span class=\"wd-list-content list-content\">\n\t\t\t\t\t\t\t\t\t\t\t\t\tOrtalama 2 dakikada kolay kurulum.\t\t\t\t\t\t\t\t\t\t\t<\/span>\n\t\t\t\t<\/li>\n\t\t\t\t\t<\/ul>\n\n\t\t\t\t\t\t<\/div>\n\t\t\t\t<\/div>\n\t\t\t\t<div class=\"elementor-element elementor-element-bd35ac6 elementor-widget__width-initial elementor-widget elementor-widget-wd_list\" data-id=\"bd35ac6\" data-element_type=\"widget\" data-e-type=\"widget\" data-widget_type=\"wd_list.default\">\n\t\t\t\t<div class=\"elementor-widget-container\">\n\t\t\t\t\t\t\t<ul class=\"wd-list color-scheme-custom wd-fontsize-m wd-type-unordered wd-style-default text-left\">\n\t\t\t\t\t\t\t\t\t\t\t<li class=\"elementor-repeater-item-dd2635d\">\n\t\t\t\t\t\t\t\t\t\t\t<span class=\"wd-icon\"><\/span>\t\t\t\t\t\n\t\t\t\t\t<span class=\"wd-list-content list-content\">\n\t\t\t\t\t\t\t\t\t\t\t\t\t%100 KVKK ve GDPR uyumu.\t\t\t\t\t\t\t\t\t\t\t<\/span>\n\t\t\t\t<\/li>\n\t\t\t\t\t<\/ul>\n\n\t\t\t\t\t\t<\/div>\n\t\t\t\t<\/div>\n\t\t\t\t<div class=\"elementor-element elementor-element-1c9b7c9 elementor-widget__width-initial elementor-widget elementor-widget-wd_list\" data-id=\"1c9b7c9\" data-element_type=\"widget\" data-e-type=\"widget\" data-widget_type=\"wd_list.default\">\n\t\t\t\t<div class=\"elementor-widget-container\">\n\t\t\t\t\t\t\t<ul class=\"wd-list color-scheme-custom wd-fontsize-m wd-type-unordered wd-style-default text-left\">\n\t\t\t\t\t\t\t\t\t\t\t<li class=\"elementor-repeater-item-dd2635d\">\n\t\t\t\t\t\t\t\t\t\t\t<span class=\"wd-icon\"><\/span>\t\t\t\t\t\n\t\t\t\t\t<span class=\"wd-list-content list-content\">\n\t\t\t\t\t\t\t\t\t\t\t\t\tS\u00fcrpriz maliyet yok, \u015feffaf fiyatland\u0131rma.\t\t\t\t\t\t\t\t\t\t\t<\/span>\n\t\t\t\t<\/li>\n\t\t\t\t\t<\/ul>\n\n\t\t\t\t\t\t<\/div>\n\t\t\t\t<\/div>\n\t\t\t\t<\/div>\n\t\t\t\t\t<\/div>\n\t\t\t\t<\/div>\n\t\t<div class=\"elementor-element elementor-element-a8b1013 e-con-full e-flex e-con e-child\" data-id=\"a8b1013\" data-element_type=\"container\" data-e-type=\"container\">\n\t\t<div class=\"elementor-element elementor-element-700deb1 e-con-full e-flex e-con e-child\" data-id=\"700deb1\" data-element_type=\"container\" data-e-type=\"container\">\n\t\t\t\t<div class=\"elementor-element elementor-element-56b5cb6 elementor-button-align-stretch elementor-widget elementor-widget-form\" data-id=\"56b5cb6\" data-element_type=\"widget\" data-e-type=\"widget\" data-settings=\"{&quot;step_next_label&quot;:&quot;Next&quot;,&quot;step_previous_label&quot;:&quot;Previous&quot;,&quot;button_width&quot;:&quot;100&quot;,&quot;step_type&quot;:&quot;number_text&quot;,&quot;step_icon_shape&quot;:&quot;circle&quot;}\" data-widget_type=\"form.default\">\n\t\t\t\t\t\t\t<form class=\"elementor-form\" method=\"post\" name=\"iletisim\" aria-label=\"iletisim\">\n\t\t\t<input type=\"hidden\" name=\"post_id\" value=\"29206\"\/>\n\t\t\t<input type=\"hidden\" name=\"form_id\" value=\"56b5cb6\"\/>\n\t\t\t<input type=\"hidden\" name=\"referer_title\" value=\"Ba\u015fvuruKOanaliz\" \/>\n\n\t\t\t\t\t\t\t<input type=\"hidden\" name=\"queried_id\" value=\"29206\"\/>\n\t\t\t\n\t\t\t<div class=\"elementor-form-fields-wrapper elementor-labels-\">\n\t\t\t\t\t\t\t\t<div class=\"elementor-field-type-html elementor-field-group elementor-column elementor-field-group-field_c2e4c5e elementor-col-100\">\n\t\t\t\t\t<h5 style=\"margin-top: 15px; margin-bottom: 5px;\">Temel \u0130leti\u015fim Bilgileri<\/h5>\t\t\t\t<\/div>\n\t\t\t\t\t\t\t\t<div class=\"elementor-field-type-text elementor-field-group elementor-column elementor-field-group-name elementor-col-50 elementor-field-required\">\n\t\t\t\t\t\t\t\t\t\t\t\t<label for=\"form-field-name\" class=\"elementor-field-label elementor-screen-only\">\n\t\t\t\t\t\t\t\tAd\u0131n\u0131z\t\t\t\t\t\t\t<\/label>\n\t\t\t\t\t\t\t\t\t\t\t\t\t\t<input size=\"1\" type=\"text\" name=\"form_fields[name]\" id=\"form-field-name\" class=\"elementor-field elementor-size-sm  elementor-field-textual\" placeholder=\"Ad\u0131n\u0131z\" required=\"required\">\n\t\t\t\t\t\t\t\t\t\t\t<\/div>\n\t\t\t\t\t\t\t\t<div class=\"elementor-field-type-text elementor-field-group elementor-column elementor-field-group-field_9ed5b93 elementor-col-50 elementor-field-required\">\n\t\t\t\t\t\t\t\t\t\t\t\t<label for=\"form-field-field_9ed5b93\" class=\"elementor-field-label elementor-screen-only\">\n\t\t\t\t\t\t\t\tSoyad\u0131n\u0131z\t\t\t\t\t\t\t<\/label>\n\t\t\t\t\t\t\t\t\t\t\t\t\t\t<input size=\"1\" type=\"text\" name=\"form_fields[field_9ed5b93]\" id=\"form-field-field_9ed5b93\" class=\"elementor-field elementor-size-sm  elementor-field-textual\" placeholder=\"Soyad\u0131n\u0131z\" required=\"required\">\n\t\t\t\t\t\t\t\t\t\t\t<\/div>\n\t\t\t\t\t\t\t\t<div class=\"elementor-field-type-email elementor-field-group elementor-column elementor-field-group-email elementor-col-50 elementor-field-required\">\n\t\t\t\t\t\t\t\t\t\t\t\t<label for=\"form-field-email\" class=\"elementor-field-label elementor-screen-only\">\n\t\t\t\t\t\t\t\tEmail\t\t\t\t\t\t\t<\/label>\n\t\t\t\t\t\t\t\t\t\t\t\t\t\t<input size=\"1\" type=\"email\" name=\"form_fields[email]\" id=\"form-field-email\" class=\"elementor-field elementor-size-sm  elementor-field-textual\" placeholder=\"Email\" required=\"required\">\n\t\t\t\t\t\t\t\t\t\t\t<\/div>\n\t\t\t\t\t\t\t\t<div class=\"elementor-field-type-text elementor-field-group elementor-column elementor-field-group-field_8317fea elementor-col-50 elementor-field-required\">\n\t\t\t\t\t\t\t\t\t\t\t\t<label for=\"form-field-field_8317fea\" class=\"elementor-field-label elementor-screen-only\">\n\t\t\t\t\t\t\t\tTelefon Numaras\u0131\t\t\t\t\t\t\t<\/label>\n\t\t\t\t\t\t\t\t\t\t\t\t\t\t<input size=\"1\" type=\"text\" name=\"form_fields[field_8317fea]\" id=\"form-field-field_8317fea\" class=\"elementor-field elementor-size-sm  elementor-field-textual\" placeholder=\"Email\" required=\"required\">\n\t\t\t\t\t\t\t\t\t\t\t<\/div>\n\t\t\t\t\t\t\t\t<div class=\"elementor-field-type-html elementor-field-group elementor-column elementor-field-group-field_23622b4 elementor-col-100\">\n\t\t\t\t\t<h5 style=\"margin-top: 15px; margin-bottom: 5px;\">Proje (Web Sitesi) Detaylar\u0131<\/h5>\t\t\t\t<\/div>\n\t\t\t\t\t\t\t\t<div class=\"elementor-field-type-text elementor-field-group elementor-column elementor-field-group-field_9c25dc7 elementor-col-100 elementor-field-required\">\n\t\t\t\t\t\t\t\t\t\t\t\t<label for=\"form-field-field_9c25dc7\" class=\"elementor-field-label elementor-screen-only\">\n\t\t\t\t\t\t\t\tWebsiteniz\t\t\t\t\t\t\t<\/label>\n\t\t\t\t\t\t\t\t\t\t\t\t\t\t<input size=\"1\" type=\"text\" name=\"form_fields[field_9c25dc7]\" id=\"form-field-field_9c25dc7\" class=\"elementor-field elementor-size-sm  elementor-field-textual\" placeholder=\"Websiteniz\" required=\"required\">\n\t\t\t\t\t\t\t\t\t\t\t<\/div>\n\t\t\t\t\t\t\t\t<div class=\"elementor-field-type-html elementor-field-group elementor-column elementor-field-group-field_305ee26 elementor-col-100\">\n\t\t\t\t\t<p style=\"margin-top:10px; margin-bottom: 0px;\">Sitenizin Altyap\u0131s\u0131 Nedir?<\/p>\t\t\t\t<\/div>\n\t\t\t\t\t\t\t\t<div class=\"elementor-field-type-select elementor-field-group elementor-column elementor-field-group-field_9dfbb14 elementor-col-100 elementor-field-required\">\n\t\t\t\t\t\t\t\t\t\t\t\t<label for=\"form-field-field_9dfbb14\" class=\"elementor-field-label elementor-screen-only\">\n\t\t\t\t\t\t\t\tAltyap\u0131\t\t\t\t\t\t\t<\/label>\n\t\t\t\t\t\t\t\t<div class=\"elementor-field elementor-select-wrapper remove-before \">\n\t\t\t<div class=\"select-caret-down-wrapper\">\n\t\t\t\t<svg aria-hidden=\"true\" class=\"e-font-icon-svg e-eicon-caret-down\" viewBox=\"0 0 571.4 571.4\" xmlns=\"http:\/\/www.w3.org\/2000\/svg\"><path d=\"M571 393Q571 407 561 418L311 668Q300 679 286 679T261 668L11 418Q0 407 0 393T11 368 36 357H536Q550 357 561 368T571 393Z\"><\/path><\/svg>\t\t\t<\/div>\n\t\t\t<select name=\"form_fields[field_9dfbb14]\" id=\"form-field-field_9dfbb14\" class=\"elementor-field-textual elementor-size-sm\" required=\"required\">\n\t\t\t\t\t\t\t\t\t<option value=\"WordPress \/ WooCommerce\">WordPress \/ WooCommerce<\/option>\n\t\t\t\t\t\t\t\t\t<option value=\"Shopify\">Shopify<\/option>\n\t\t\t\t\t\t\t\t\t<option value=\"Ticimax \/ Ideasoft \/ T-Soft (E-ticaret paketleri)\">Ticimax \/ Ideasoft \/ T-Soft (E-ticaret paketleri)<\/option>\n\t\t\t\t\t\t\t\t\t<option value=\"\u00d6zel Yaz\u0131l\u0131m (PHP, React vb.)\">\u00d6zel Yaz\u0131l\u0131m (PHP, React vb.)<\/option>\n\t\t\t\t\t\t\t\t\t<option value=\"Di\u011fer \/ Bilmiyorum\">Di\u011fer \/ Bilmiyorum<\/option>\n\t\t\t\t\t\t\t<\/select>\n\t\t<\/div>\n\t\t\t\t\t\t<\/div>\n\t\t\t\t\t\t\t\t<div class=\"elementor-field-type-html elementor-field-group elementor-column elementor-field-group-field_2ff217b elementor-col-100\">\n\t\t\t\t\t<h5 style=\"margin-top: 15px; margin-bottom: 5px;\">\u0130htiya\u00e7 ve Kaynak Analizi<\/h5>\t\t\t\t<\/div>\n\t\t\t\t\t\t\t\t<div class=\"elementor-field-type-html elementor-field-group elementor-column elementor-field-group-field_73ef70d elementor-col-100\">\n\t\t\t\t\t<p style=\"margin-top:10px; margin-bottom: 0px;\">Ayl\u0131k Ortalama Ziyaret\u00e7i Say\u0131n\u0131z<\/p>\t\t\t\t<\/div>\n\t\t\t\t\t\t\t\t<div class=\"elementor-field-type-select elementor-field-group elementor-column elementor-field-group-field_ad8926c elementor-col-100 elementor-field-required\">\n\t\t\t\t\t\t\t\t\t\t\t\t<label for=\"form-field-field_ad8926c\" class=\"elementor-field-label elementor-screen-only\">\n\t\t\t\t\t\t\t\tAyl\u0131k Ortalama Ziyaret\u00e7i Say\u0131n\u0131z\t\t\t\t\t\t\t<\/label>\n\t\t\t\t\t\t\t\t<div class=\"elementor-field elementor-select-wrapper remove-before \">\n\t\t\t<div class=\"select-caret-down-wrapper\">\n\t\t\t\t<svg aria-hidden=\"true\" class=\"e-font-icon-svg e-eicon-caret-down\" viewBox=\"0 0 571.4 571.4\" xmlns=\"http:\/\/www.w3.org\/2000\/svg\"><path d=\"M571 393Q571 407 561 418L311 668Q300 679 286 679T261 668L11 418Q0 407 0 393T11 368 36 357H536Q550 357 561 368T571 393Z\"><\/path><\/svg>\t\t\t<\/div>\n\t\t\t<select name=\"form_fields[field_ad8926c]\" id=\"form-field-field_ad8926c\" class=\"elementor-field-textual elementor-size-sm\" required=\"required\">\n\t\t\t\t\t\t\t\t\t<option value=\"0 - 50.000\">0 - 50.000<\/option>\n\t\t\t\t\t\t\t\t\t<option value=\"50.000 - 250.000\">50.000 - 250.000<\/option>\n\t\t\t\t\t\t\t\t\t<option value=\"250.000 ve \u00fczeri\">250.000 ve \u00fczeri<\/option>\n\t\t\t\t\t\t\t<\/select>\n\t\t<\/div>\n\t\t\t\t\t\t<\/div>\n\t\t\t\t\t\t\t\t<div class=\"elementor-field-type-html elementor-field-group elementor-column elementor-field-group-field_1fe5f53 elementor-col-100\">\n\t\t\t\t\t<p style=\"margin-top:10px; margin-bottom: 0px;\">Koanaliz'den En B\u00fcy\u00fck Beklentiniz Nedir?<\/p>\t\t\t\t<\/div>\n\t\t\t\t\t\t\t\t<div class=\"elementor-field-type-checkbox elementor-field-group elementor-column elementor-field-group-field_cd3e22d elementor-col-100\">\n\t\t\t\t\t\t\t\t\t\t\t\t<label for=\"form-field-field_cd3e22d\" class=\"elementor-field-label elementor-screen-only\">\n\t\t\t\t\t\t\t\tKoanaliz'den En B\u00fcy\u00fck Beklentiniz Nedir?\t\t\t\t\t\t\t<\/label>\n\t\t\t\t\t\t<div class=\"elementor-field-subgroup  \"><span class=\"elementor-field-option\"><input type=\"checkbox\" value=\"Temel trafik analizi (Ka\u00e7 ki\u015fi geldi, nereden geldi?)\" id=\"form-field-field_cd3e22d-0\" name=\"form_fields[field_cd3e22d][]\"> <label for=\"form-field-field_cd3e22d-0\">Temel trafik analizi (Ka\u00e7 ki\u015fi geldi, nereden geldi?)<\/label><\/span><span class=\"elementor-field-option\"><input type=\"checkbox\" value=\"E-ticaret d\u00f6n\u00fc\u015f\u00fcm takibi (Sepete ekleme, sat\u0131n alma)\" id=\"form-field-field_cd3e22d-1\" name=\"form_fields[field_cd3e22d][]\"> <label for=\"form-field-field_cd3e22d-1\">E-ticaret d\u00f6n\u00fc\u015f\u00fcm takibi (Sepete ekleme, sat\u0131n alma)<\/label><\/span><span class=\"elementor-field-option\"><input type=\"checkbox\" value=\"Form ve buton t\u0131klama takibi\" id=\"form-field-field_cd3e22d-2\" name=\"form_fields[field_cd3e22d][]\"> <label for=\"form-field-field_cd3e22d-2\">Form ve buton t\u0131klama takibi<\/label><\/span><span class=\"elementor-field-option\"><input type=\"checkbox\" value=\"GA4&#039;ten kurtulmak ve siteyi h\u0131zland\u0131rmak\" id=\"form-field-field_cd3e22d-3\" name=\"form_fields[field_cd3e22d][]\"> <label for=\"form-field-field_cd3e22d-3\">GA4'ten kurtulmak ve siteyi h\u0131zland\u0131rmak<\/label><\/span><\/div>\t\t\t\t<\/div>\n\t\t\t\t\t\t\t\t<div class=\"elementor-field-type-html elementor-field-group elementor-column elementor-field-group-field_91706da elementor-col-100\">\n\t\t\t\t\t<h5 style=\"margin-top: 15px; margin-bottom: 5px;\">Onay ve G\u00f6nderim<\/h5>\t\t\t\t<\/div>\n\t\t\t\t\t\t\t\t<div class=\"elementor-field-type-textarea elementor-field-group elementor-column elementor-field-group-message elementor-col-100 elementor-field-required\">\n\t\t\t\t\t\t\t\t\t\t\t\t<label for=\"form-field-message\" class=\"elementor-field-label elementor-screen-only\">\n\t\t\t\t\t\t\t\tMesaj\u0131n\u0131z\t\t\t\t\t\t\t<\/label>\n\t\t\t\t\t\t<textarea class=\"elementor-field-textual elementor-field  elementor-size-sm\" name=\"form_fields[message]\" id=\"form-field-message\" rows=\"4\" placeholder=\"Eklemek istedi\u011finiz bir not veya \u00f6zel bir entegrasyon talebiniz var m\u0131?\" required=\"required\"><\/textarea>\t\t\t\t<\/div>\n\t\t\t\t\t\t\t\t<div class=\"elementor-field-type-acceptance elementor-field-group elementor-column elementor-field-group-field_d80e09d elementor-col-100 elementor-field-required\">\n\t\t\t\t\t\t\t\t\t\t\t\t<label for=\"form-field-field_d80e09d\" class=\"elementor-field-label elementor-screen-only\">\n\t\t\t\t\t\t\t\tPolitika kabul\u00fc\t\t\t\t\t\t\t<\/label>\n\t\t\t\t\t\t\t\t<div class=\"elementor-field-subgroup\">\n\t\t\t<span class=\"elementor-field-option\">\n\t\t\t\t<input type=\"checkbox\" name=\"form_fields[field_d80e09d]\" id=\"form-field-field_d80e09d\" class=\"elementor-field elementor-size-sm  elementor-acceptance-field\" required=\"required\">\n\t\t\t\t<label for=\"form-field-field_d80e09d\">Gizlilik Politikas\u0131 ve Ayd\u0131nlatma Metni'ni okudum ve kabul ediyorum.<\/label>\t\t\t<\/span>\n\t\t<\/div>\n\t\t\t\t\t\t<\/div>\n\t\t\t\t\t\t\t\t<div class=\"elementor-field-group elementor-column elementor-field-type-submit elementor-col-100 e-form__buttons\">\n\t\t\t\t\t<button class=\"elementor-button elementor-size-sm\" type=\"submit\">\n\t\t\t\t\t\t<span class=\"elementor-button-content-wrapper\">\n\t\t\t\t\t\t\t\t\t\t\t\t\t\t\t\t\t\t\t\t\t\t<span class=\"elementor-button-text\">Talebimi G\u00f6nder<\/span>\n\t\t\t\t\t\t\t\t\t\t\t\t\t<\/span>\n\t\t\t\t\t<\/button>\n\t\t\t\t<\/div>\n\t\t\t<\/div>\n\t\t<\/form>\n\t\t\t\t\t\t<\/div>\n\t\t\t\t<\/div>\n\t\t<div class=\"elementor-element elementor-element-ee8c0f3 e-con-full e-flex e-con e-child\" data-id=\"ee8c0f3\" data-element_type=\"container\" data-e-type=\"container\" data-settings=\"{&quot;background_background&quot;:&quot;gradient&quot;}\">\n\t\t\t\t<div class=\"elementor-element elementor-element-5e61052 elementor-widget elementor-widget-wd_text_block\" data-id=\"5e61052\" data-element_type=\"widget\" data-e-type=\"widget\" data-widget_type=\"wd_text_block.default\">\n\t\t\t\t<div class=\"elementor-widget-container\">\n\t\t\t\t\t\t\t<div class=\"wd-text-block reset-last-child text-left color-scheme-light\">\n\t\t\t\n\t\t\t<div><p><strong>Lorem Ipsum<\/strong>, dizgi ve bask\u0131 end\u00fcstrisinde kullan\u0131lan m\u0131g\u0131r metinlerdir. Lorem Ipsum, ad\u0131 bilinmeyen bir matbaac\u0131n\u0131n bir hurufat numune kitab\u0131 olu\u015fturmak \u00fczere bir yaz\u0131 galerisini alarak kar\u0131\u015ft\u0131rd\u0131\u011f\u0131 1500'lerden beri end\u00fcstri standard\u0131 sahte metinler olarak kullan\u0131lm\u0131\u015ft\u0131r. Be\u015fy\u00fcz y\u0131l boyunca varl\u0131\u011f\u0131n\u0131 s\u00fcrd\u00fcrmekle kalmam\u0131\u015f, ayn\u0131 zamanda pek de\u011fi\u015fmeden elektronik dizgiye de s\u0131\u00e7ram\u0131\u015ft\u0131r. 1960'larda Lorem Ipsum pasajlar\u0131 da i\u00e7eren Letraset yapraklar\u0131n\u0131n yay\u0131nlanmas\u0131 ile ve yak\u0131n zamanda Aldus PageMaker gibi Lorem Ipsum s\u00fcr\u00fcmleri i\u00e7eren masa\u00fcst\u00fc yay\u0131nc\u0131l\u0131k yaz\u0131l\u0131mlar\u0131 ile pop\u00fcler olmu\u015ftur.<\/p><\/div><div><h2>Neden Kullan\u0131r\u0131z?<\/h2><p>Yinelenen bir sayfa i\u00e7eri\u011finin okuyucunun dikkatini da\u011f\u0131tt\u0131\u011f\u0131 bilinen bir ger\u00e7ektir. Lorem Ipsum kullanman\u0131n amac\u0131, s\u00fcrekli 'buraya metin gelecek, buraya metin gelecek' yazmaya k\u0131yasla daha dengeli bir harf da\u011f\u0131l\u0131m\u0131 sa\u011flayarak okunurlu\u011fu art\u0131rmas\u0131d\u0131r. \u015eu anda bir\u00e7ok masa\u00fcst\u00fc yay\u0131nc\u0131l\u0131k paketi ve web sayfa d\u00fczenleyicisi, varsay\u0131lan m\u0131g\u0131r metinler olarak Lorem Ipsum kullanmaktad\u0131r. Ayr\u0131ca arama motorlar\u0131nda 'lorem ipsum' anahtar s\u00f6zc\u00fckleri ile arama yap\u0131ld\u0131\u011f\u0131nda hen\u00fcz tasar\u0131m a\u015famas\u0131nda olan \u00e7ok say\u0131da site listelenir. Y\u0131llar i\u00e7inde, bazen kazara, bazen bilin\u00e7li olarak (\u00f6rne\u011fin mizah kat\u0131larak), \u00e7e\u015fitli s\u00fcr\u00fcmleri geli\u015ftirilmi\u015ftir.<\/p><\/div><div><h2>Nereden Gelir?<\/h2><p>Yayg\u0131n inanc\u0131n tersine, Lorem Ipsum rastgele s\u00f6zc\u00fcklerden olu\u015fmaz. K\u00f6kleri M.\u00d6. 45 tarihinden bu yana klasik Latin edebiyat\u0131na kadar uzanan 2000 y\u0131ll\u0131k bir ge\u00e7mi\u015fi vard\u0131r. Virginia'daki Hampden-Sydney College'dan Latince profes\u00f6r\u00fc Richard McClintock, bir Lorem Ipsum pasaj\u0131nda ge\u00e7en ve anla\u015f\u0131lmas\u0131 en g\u00fc\u00e7 s\u00f6zc\u00fcklerden biri olan 'consectetur' s\u00f6zc\u00fc\u011f\u00fcn\u00fcn klasik edebiyattaki \u00f6rneklerini inceledi\u011finde kesin bir kayna\u011fa ula\u015fm\u0131\u015ft\u0131r. Lorm Ipsum, \u00c7i\u00e7ero taraf\u0131ndan M.\u00d6. 45 tarihinde kaleme al\u0131nan \"de Finibus Bonorum et Malorum\" (\u0130yi ve K\u00f6t\u00fcn\u00fcn U\u00e7 S\u0131n\u0131rlar\u0131) eserinin 1.10.32 ve 1.10.33 say\u0131l\u0131 b\u00f6l\u00fcmlerinden gelmektedir. Bu kitap, ahlak kuram\u0131 \u00fczerine bir tezdir ve R\u00f6nesans d\u00f6neminde \u00e7ok pop\u00fcler olmu\u015ftur. Lorem Ipsum pasaj\u0131n\u0131n ilk sat\u0131r\u0131 olan \"Lorem ipsum dolor sit amet\" 1.10.32 say\u0131l\u0131 b\u00f6l\u00fcmdeki bir sat\u0131rdan gelmektedir.<\/p><\/div>\n\t\t\t\t\t<\/div>\n\t\t\t\t\t\t<\/div>\n\t\t\t\t<\/div>\n\t\t\t\t<\/div>\n\t\t\t\t<\/div>\n\t\t\t\t<\/div>\n\t\t","protected":false},"excerpt":{"rendered":"<p>Verilerinizin Kontrol\u00fcn\u00fc Bug\u00fcn Elinize Al\u0131n Sitenizin h\u0131z\u0131n\u0131 d\u00fc\u015f\u00fcrmeden, ziyaret\u00e7ilerinizi yasal risklere sokmadan temiz verilere ula\u015fmaya sadece bir ad\u0131m kald\u0131n\u0131z. Formu<\/p>","protected":false},"author":1,"featured_media":0,"parent":0,"menu_order":0,"comment_status":"closed","ping_status":"closed","template":"","meta":{"footnotes":""},"class_list":["post-29206","page","type-page","status-publish","hentry"],"_links":{"self":[{"href":"https:\/\/koanaliz.com\/de\/wp-json\/wp\/v2\/pages\/29206","targetHints":{"allow":["GET"]}}],"collection":[{"href":"https:\/\/koanaliz.com\/de\/wp-json\/wp\/v2\/pages"}],"about":[{"href":"https:\/\/koanaliz.com\/de\/wp-json\/wp\/v2\/types\/page"}],"author":[{"embeddable":true,"href":"https:\/\/koanaliz.com\/de\/wp-json\/wp\/v2\/users\/1"}],"replies":[{"embeddable":true,"href":"https:\/\/koanaliz.com\/de\/wp-json\/wp\/v2\/comments?post=29206"}],"version-history":[{"count":5,"href":"https:\/\/koanaliz.com\/de\/wp-json\/wp\/v2\/pages\/29206\/revisions"}],"predecessor-version":[{"id":29391,"href":"https:\/\/koanaliz.com\/de\/wp-json\/wp\/v2\/pages\/29206\/revisions\/29391"}],"wp:attachment":[{"href":"https:\/\/koanaliz.com\/de\/wp-json\/wp\/v2\/media?parent=29206"}],"curies":[{"name":"wp","href":"https:\/\/api.w.org\/{rel}","templated":true}]}}